{"id":1551,"date":"2023-09-14T00:27:52","date_gmt":"2023-09-13T22:27:52","guid":{"rendered":"https:\/\/saschamohnke.com\/?page_id=1551"},"modified":"2024-06-14T16:15:29","modified_gmt":"2024-06-14T14:15:29","slug":"impressum","status":"publish","type":"page","link":"https:\/\/saschamohnke.com\/en\/impressum\/","title":{"rendered":"Impressum"},"content":{"rendered":"<div data-elementor-type=\"wp-page\" data-elementor-id=\"1551\" class=\"elementor elementor-1551\">\n\t\t\t\t\t\t<section class=\"elementor-section elementor-top-section elementor-element elementor-element-5939a86c elementor-section-height-min-height elementor-section-items-bottom elementor-section-boxed elementor-section-height-default\" data-id=\"5939a86c\" data-element_type=\"section\" data-e-type=\"section\" data-settings=\"{&quot;background_background&quot;:&quot;classic&quot;}\">\n\t\t\t\t\t\t\t<div class=\"elementor-background-overlay\"><\/div>\n\t\t\t\t\t\t\t<div class=\"elementor-container elementor-column-gap-no\">\n\t\t\t\t\t<div class=\"elementor-column elementor-col-100 elementor-top-column elementor-element elementor-element-6f6a47a9\" data-id=\"6f6a47a9\" data-element_type=\"column\" data-e-type=\"column\">\n\t\t\t<div class=\"elementor-widget-wrap elementor-element-populated\">\n\t\t\t\t\t\t<div class=\"elementor-element elementor-element-da98eec elementor-widget__width-inherit elementor-widget elementor-widget-image-box\" data-id=\"da98eec\" data-element_type=\"widget\" data-e-type=\"widget\" data-settings=\"{&quot;_animation&quot;:&quot;none&quot;}\" data-widget_type=\"image-box.default\">\n\t\t\t\t<div class=\"elementor-widget-container\">\n\t\t\t\t\t<div class=\"elementor-image-box-wrapper\"><div class=\"elementor-image-box-content\"><h1 class=\"elementor-image-box-title\">Sascha Mohnke<\/h1><p class=\"elementor-image-box-description\">Guitarist | Artist | Teacher | Composer<\/p><\/div><\/div>\t\t\t\t<\/div>\n\t\t\t\t<\/div>\n\t\t\t\t\t<\/div>\n\t\t<\/div>\n\t\t\t\t\t<\/div>\n\t\t<\/section>\n\t\t\t\t<section class=\"elementor-section elementor-top-section elementor-element elementor-element-d8d02e3 elementor-section-boxed elementor-section-height-default elementor-section-height-default\" data-id=\"d8d02e3\" data-element_type=\"section\" data-e-type=\"section\">\n\t\t\t\t\t\t<div class=\"elementor-container elementor-column-gap-default\">\n\t\t\t\t\t<div class=\"elementor-column elementor-col-100 elementor-top-column elementor-element elementor-element-bad0f4d\" data-id=\"bad0f4d\" data-element_type=\"column\" data-e-type=\"column\">\n\t\t\t<div class=\"elementor-widget-wrap elementor-element-populated\">\n\t\t\t\t\t\t<div class=\"elementor-element elementor-element-7c7e981 elementor-widget elementor-widget-spacer\" data-id=\"7c7e981\" data-element_type=\"widget\" data-e-type=\"widget\" data-widget_type=\"spacer.default\">\n\t\t\t\t<div class=\"elementor-widget-container\">\n\t\t\t\t\t\t\t<div class=\"elementor-spacer\">\n\t\t\t<div class=\"elementor-spacer-inner\"><\/div>\n\t\t<\/div>\n\t\t\t\t\t\t<\/div>\n\t\t\t\t<\/div>\n\t\t\t\t\t<\/div>\n\t\t<\/div>\n\t\t\t\t\t<\/div>\n\t\t<\/section>\n\t\t\t\t<section class=\"elementor-section elementor-top-section elementor-element elementor-element-34277c67 elementor-section-boxed elementor-section-height-default elementor-section-height-default\" data-id=\"34277c67\" data-element_type=\"section\" data-e-type=\"section\">\n\t\t\t\t\t\t<div class=\"elementor-container elementor-column-gap-default\">\n\t\t\t\t\t<div class=\"elementor-column elementor-col-50 elementor-top-column elementor-element elementor-element-217497e3\" data-id=\"217497e3\" data-element_type=\"column\" data-e-type=\"column\">\n\t\t\t<div class=\"elementor-widget-wrap elementor-element-populated\">\n\t\t\t\t\t\t<div class=\"elementor-element elementor-element-25666558 elementor-widget elementor-widget-heading\" data-id=\"25666558\" data-element_type=\"widget\" data-e-type=\"widget\" data-widget_type=\"heading.default\">\n\t\t\t\t<div class=\"elementor-widget-container\">\n\t\t\t\t\t<h2 class=\"elementor-heading-title elementor-size-default\"><br>Impressum<\/h2>\t\t\t\t<\/div>\n\t\t\t\t<\/div>\n\t\t\t\t\t<\/div>\n\t\t<\/div>\n\t\t\t\t<div class=\"elementor-column elementor-col-50 elementor-top-column elementor-element elementor-element-2d17052\" data-id=\"2d17052\" data-element_type=\"column\" data-e-type=\"column\">\n\t\t\t<div class=\"elementor-widget-wrap elementor-element-populated\">\n\t\t\t\t\t\t<section class=\"elementor-section elementor-inner-section elementor-element elementor-element-bd2e0a1 elementor-section-boxed elementor-section-height-default elementor-section-height-default\" data-id=\"bd2e0a1\" data-element_type=\"section\" data-e-type=\"section\">\n\t\t\t\t\t\t<div class=\"elementor-container elementor-column-gap-default\">\n\t\t\t\t\t<div class=\"elementor-column elementor-col-100 elementor-inner-column elementor-element elementor-element-ed4f2a5\" data-id=\"ed4f2a5\" data-element_type=\"column\" data-e-type=\"column\">\n\t\t\t<div class=\"elementor-widget-wrap elementor-element-populated\">\n\t\t\t\t\t\t<div class=\"elementor-element elementor-element-b2f5cdf elementor-widget elementor-widget-spacer\" data-id=\"b2f5cdf\" data-element_type=\"widget\" data-e-type=\"widget\" data-widget_type=\"spacer.default\">\n\t\t\t\t<div class=\"elementor-widget-container\">\n\t\t\t\t\t\t\t<div class=\"elementor-spacer\">\n\t\t\t<div class=\"elementor-spacer-inner\"><\/div>\n\t\t<\/div>\n\t\t\t\t\t\t<\/div>\n\t\t\t\t<\/div>\n\t\t\t\t\t<\/div>\n\t\t<\/div>\n\t\t\t\t\t<\/div>\n\t\t<\/section>\n\t\t\t\t<div class=\"elementor-element elementor-element-79f77c2 elementor-widget elementor-widget-text-editor\" data-id=\"79f77c2\" data-element_type=\"widget\" data-e-type=\"widget\" data-widget_type=\"text-editor.default\">\n\t\t\t\t<div class=\"elementor-widget-container\">\n\t\t\t\t\t\t\t\t\t<p style=\"box-sizing: border-box; border: 0px; font-size: 16px; font-style: normal; font-weight: 400; margin: 0px 0px 1.6em; outline: 0px; padding: 0px; vertical-align: baseline; color: #3a3a3a; font-family: Montserrat, sans-serif; font-variant-ligatures: normal; font-variant-caps: normal; letter-spacing: normal; orphans: 2; text-align: start; text-indent: 0px; text-transform: none; widows: 2; word-spacing: 0px; -webkit-text-stroke-width: 0px; white-space: normal; background-color: #ffffff; text-decoration-thickness: initial; text-decoration-style: initial; text-decoration-color: initial;\"><b style=\"box-sizing: border-box; font-weight: bold;\">Informationen und Offenlegung gem\u00e4\u00df \u00a75 (1) ECG, \u00a7 25 MedienG, \u00a7 63 GewO und \u00a7 14 UGB<\/b><\/p>\n<p style=\"box-sizing: border-box; border: 0px; font-size: 16px; font-style: normal; font-weight: 400; margin: 0px 0px 1.6em; outline: 0px; padding: 0px; vertical-align: baseline; color: #3a3a3a; font-family: Montserrat, sans-serif; font-variant-ligatures: normal; font-variant-caps: normal; letter-spacing: normal; orphans: 2; text-align: start; text-indent: 0px; text-transform: none; widows: 2; word-spacing: 0px; -webkit-text-stroke-width: 0px; white-space: normal; background-color: #ffffff; text-decoration-thickness: initial; text-decoration-style: initial; text-decoration-color: initial;\"><b style=\"box-sizing: border-box; font-weight: bold;\">Webseitenbetreiber:<\/b>&nbsp;Sascha Mohnke<\/p>\n<p style=\"box-sizing: border-box; border: 0px; font-size: 16px; font-style: normal; font-weight: 400; margin: 0px 0px 1.6em; outline: 0px; padding: 0px; vertical-align: baseline; color: #3a3a3a; font-family: Montserrat, sans-serif; font-variant-ligatures: normal; font-variant-caps: normal; letter-spacing: normal; orphans: 2; text-align: start; text-indent: 0px; text-transform: none; widows: 2; word-spacing: 0px; -webkit-text-stroke-width: 0px; white-space: normal; background-color: #ffffff; text-decoration-thickness: initial; text-decoration-style: initial; text-decoration-color: initial;\"><b style=\"box-sizing: border-box; font-weight: bold;\">Anschrift:<\/b> Sinagasse 56\/3\/12, 1220 Wien<\/p>\n<p style=\"box-sizing: border-box; border: 0px; font-size: 16px; font-style: normal; font-weight: 400; margin: 0px 0px 1.6em; outline: 0px; padding: 0px; vertical-align: baseline; color: #3a3a3a; font-family: Montserrat, sans-serif; font-variant-ligatures: normal; font-variant-caps: normal; letter-spacing: normal; orphans: 2; text-align: start; text-indent: 0px; text-transform: none; widows: 2; word-spacing: 0px; -webkit-text-stroke-width: 0px; white-space: normal; background-color: #ffffff; text-decoration-thickness: initial; text-decoration-style: initial; text-decoration-color: initial;\"><b style=\"box-sizing: border-box; font-weight: bold;\">UID-Nr:&nbsp;<\/b>k.A.<br style=\"box-sizing: border-box;\"><b style=\"box-sizing: border-box; font-weight: bold;\">Gewerbeaufsichtbeh\u00f6rde:<\/b>&nbsp;Bezirkshauptmannschaft Ottakring<br style=\"box-sizing: border-box;\"><b style=\"box-sizing: border-box; font-weight: bold;\">Mitgliedschaften:<\/b>Mitglied in AKM &amp; LSG<\/p>\n<p style=\"box-sizing: border-box; border: 0px; font-size: 16px; font-style: normal; font-weight: 400; margin: 0px 0px 1.6em; outline: 0px; padding: 0px; vertical-align: baseline; color: #3a3a3a; font-family: Montserrat, sans-serif; font-variant-ligatures: normal; font-variant-caps: normal; letter-spacing: normal; orphans: 2; text-align: start; text-indent: 0px; text-transform: none; widows: 2; word-spacing: 0px; -webkit-text-stroke-width: 0px; white-space: normal; background-color: #ffffff; text-decoration-thickness: initial; text-decoration-style: initial; text-decoration-color: initial;\"><b style=\"box-sizing: border-box; font-weight: bold;\">Kontaktdaten:<\/b><br style=\"box-sizing: border-box;\">Email: contact@saschamohnke.com<br style=\"box-sizing: border-box;\"><br style=\"box-sizing: border-box;\"><\/p>\n<p style=\"box-sizing: border-box; border: 0px; font-size: 16px; font-style: normal; font-weight: 400; margin: 0px 0px 1.6em; outline: 0px; padding: 0px; vertical-align: baseline; color: #3a3a3a; font-family: Montserrat, sans-serif; font-variant-ligatures: normal; font-variant-caps: normal; letter-spacing: normal; orphans: 2; text-align: start; text-indent: 0px; text-transform: none; widows: 2; word-spacing: 0px; -webkit-text-stroke-width: 0px; white-space: normal; background-color: #ffffff; text-decoration-thickness: initial; text-decoration-style: initial; text-decoration-color: initial;\"><b style=\"box-sizing: border-box; font-weight: bold;\">Anwendbare Rechtsvorschrift:<\/b>&nbsp;www.ris.bka.gv.at<br style=\"box-sizing: border-box;\"><b style=\"box-sizing: border-box; font-weight: bold;\">Berufsbezeichnung:<\/b>&nbsp;Diplomierter Berufsmusiker<\/p>\n<p style=\"box-sizing: border-box; border: 0px; font-size: 16px; font-style: normal; font-weight: 400; margin: 0px 0px 1.6em; outline: 0px; padding: 0px; vertical-align: baseline; color: #3a3a3a; font-family: Montserrat, sans-serif; font-variant-ligatures: normal; font-variant-caps: normal; letter-spacing: normal; orphans: 2; text-align: start; text-indent: 0px; text-transform: none; widows: 2; word-spacing: 0px; -webkit-text-stroke-width: 0px; white-space: normal; background-color: #ffffff; text-decoration-thickness: initial; text-decoration-style: initial; text-decoration-color: initial;\"><b style=\"box-sizing: border-box; font-weight: bold;\">Online Streitbeilegung:<\/b>&nbsp;Verbraucher, welche in \u00d6sterreich oder<br style=\"box-sizing: border-box;\">in einem sonstigen Vertragsstaat der ODR-VO niedergelassen sind, haben die M\u00f6glichkeit Probleme bez\u00fcglich dem entgeltlichen Kauf von Waren oder Dienstleistungen im Rahmen einer Online-Streitbeilegung (nach OS, AStG)<br style=\"box-sizing: border-box;\">zu l\u00f6sen. Die Europa\u0308ische Kommission stellt eine Plattform hierf\u00fcr bereit: https:\/\/ec.europa.eu\/consumers\/odr<\/p>\n<p style=\"box-sizing: border-box; border: 0px; font-size: 16px; font-style: normal; font-weight: 400; margin: 0px 0px 1.6em; outline: 0px; padding: 0px; vertical-align: baseline; color: #3a3a3a; font-family: Montserrat, sans-serif; font-variant-ligatures: normal; font-variant-caps: normal; letter-spacing: normal; orphans: 2; text-align: start; text-indent: 0px; text-transform: none; widows: 2; word-spacing: 0px; -webkit-text-stroke-width: 0px; white-space: normal; background-color: #ffffff; text-decoration-thickness: initial; text-decoration-style: initial; text-decoration-color: initial;\"><b style=\"box-sizing: border-box; font-weight: bold;\">Urheberrecht:<\/b>&nbsp;Die Inhalte dieser Webseite unterliegen, soweit<br style=\"box-sizing: border-box;\">dies rechtlich m\u00f6glich ist, diversen Schutzrechten (z.B dem<br style=\"box-sizing: border-box;\">Urheberrecht). Jegliche Verwendung\/Verbreitung von bereitgestelltem Material, welche urheberrechtlich untersagt ist, bedarf schriftlicher Zustimmung des Webseitenbetreibers.<\/p>\n<p style=\"box-sizing: border-box; border: 0px; font-size: 16px; font-style: normal; font-weight: 400; margin: 0px 0px 1.6em; outline: 0px; padding: 0px; vertical-align: baseline; color: #3a3a3a; font-family: Montserrat, sans-serif; font-variant-ligatures: normal; font-variant-caps: normal; letter-spacing: normal; orphans: 2; text-align: start; text-indent: 0px; text-transform: none; widows: 2; word-spacing: 0px; -webkit-text-stroke-width: 0px; white-space: normal; background-color: #ffffff; text-decoration-thickness: initial; text-decoration-style: initial; text-decoration-color: initial;\"><strong style=\"box-sizing: border-box; font-weight: bold;\">Bildrechte:<\/strong><br style=\"box-sizing: border-box;\">Die Bilder wurden erstellt von Katharina F.-Ro\u00dfboth und unterliegem dem Urheberrecht. Die Verwendung f\u00fcr diese Website ist lizensiert.<\/p>\n<p style=\"box-sizing: border-box; border: 0px; font-size: 16px; font-style: normal; font-weight: 400; margin: 0px 0px 1.6em; outline: 0px; padding: 0px; vertical-align: baseline; color: #3a3a3a; font-family: Montserrat, sans-serif; font-variant-ligatures: normal; font-variant-caps: normal; letter-spacing: normal; orphans: 2; text-align: start; text-indent: 0px; text-transform: none; widows: 2; word-spacing: 0px; -webkit-text-stroke-width: 0px; white-space: normal; background-color: #ffffff; text-decoration-thickness: initial; text-decoration-style: initial; text-decoration-color: initial;\"><b style=\"box-sizing: border-box; font-weight: bold;\">Haftungsausschluss:<\/b><br style=\"box-sizing: border-box;\">Trotz sorgf\u00e4ltiger inhaltlicher Kontrolle \u00fcbernimmt der Webseitenbetreiber dieser Webseite keine Haftung f\u00fcr die Inhalte externer Links. F\u00fcr den Inhalt der verlinkten Seiten sind ausschlie\u00dflich deren Betreiber verantwortlich. Sollten Sie dennoch auf ausgehende Links aufmerksam werden, welche auf eine Webseite mit rechtswidriger T\u00e4tigkeit\/Information verweisen, ersuchen wir um dementsprechenden Hinweis, um diese nach \u00a7 17 Abs. 2 ECG umgehend zu entfernen.<br style=\"box-sizing: border-box;\">Die Urheberrechte Dritter werden vom Betreiber dieser Webseite mit gr\u00f6\u00dfter Sorgfalt beachtet. Sollten Sie trotzdem auf eine Urheberrechtsverletzung aufmerksam werden, bitten wir um einen entsprechenden Hinweis. Bei Bekanntwerden derartiger Rechtsverletzungen werden wir den betroffenen Inhalt umgehend entfernen.<\/p>\n<p style=\"box-sizing: border-box; border: 0px; font-size: 16px; font-style: normal; font-weight: 400; margin: 0px 0px 1.6em; outline: 0px; padding: 0px; vertical-align: baseline; color: #3a3a3a; font-family: Montserrat, sans-serif; font-variant-ligatures: normal; font-variant-caps: normal; letter-spacing: normal; orphans: 2; text-align: start; text-indent: 0px; text-transform: none; widows: 2; word-spacing: 0px; -webkit-text-stroke-width: 0px; white-space: normal; background-color: #ffffff; text-decoration-thickness: initial; text-decoration-style: initial; text-decoration-color: initial;\">Quelle:&nbsp;<b style=\"box-sizing: border-box; font-weight: bold;\"><a style=\"box-sizing: border-box; background-color: transparent; text-decoration: none; color: var(--ast-global-color-0); transition: all 0.2s linear 0s; box-shadow: none;\" href=\"https:\/\/www.rechtstexte-generator.at\/impressum-generator\/\">Impressum Generator \u00d6sterreich<\/a><\/b><\/p>\t\t\t\t\t\t\t\t<\/div>\n\t\t\t\t<\/div>\n\t\t\t\t\t<\/div>\n\t\t<\/div>\n\t\t\t\t\t<\/div>\n\t\t<\/section>\n\t\t\t\t<section class=\"elementor-section elementor-top-section elementor-element elementor-element-a4e59d7 elementor-section-boxed elementor-section-height-default elementor-section-height-default\" data-id=\"a4e59d7\" data-element_type=\"section\" data-e-type=\"section\" data-settings=\"{&quot;background_background&quot;:&quot;classic&quot;,&quot;animation&quot;:&quot;none&quot;}\">\n\t\t\t\t\t\t\t<div class=\"elementor-background-overlay\"><\/div>\n\t\t\t\t\t\t\t<div class=\"elementor-container elementor-column-gap-no\">\n\t\t\t\t\t<div class=\"elementor-column elementor-col-100 elementor-top-column elementor-element elementor-element-2def307\" data-id=\"2def307\" data-element_type=\"column\" data-e-type=\"column\">\n\t\t\t<div class=\"elementor-widget-wrap\">\n\t\t\t\t\t\t\t<\/div>\n\t\t<\/div>\n\t\t\t\t\t<\/div>\n\t\t<\/section>\n\t\t\t\t<\/div>","protected":false},"excerpt":{"rendered":"<p>Sascha Mohnke Guitarist | Artist | Teacher | Composer Impressum Informationen und Offenlegung gem\u00e4\u00df \u00a75 (1) ECG, \u00a7 25 MedienG, \u00a7 63 GewO und \u00a7 14 UGB Webseitenbetreiber:&nbsp;Sascha Mohnke Anschrift: Sinagasse 56\/3\/12, 1220 Wien UID-Nr:&nbsp;k.A.Gewerbeaufsichtbeh\u00f6rde:&nbsp;Bezirkshauptmannschaft OttakringMitgliedschaften:Mitglied in AKM &amp; LSG Kontaktdaten:Email: contact@saschamohnke.com Anwendbare Rechtsvorschrift:&nbsp;www.ris.bka.gv.atBerufsbezeichnung:&nbsp;Diplomierter Berufsmusiker Online Streitbeilegung:&nbsp;Verbraucher, welche in \u00d6sterreich oderin einem sonstigen Vertragsstaat der [&hellip;]<\/p>\n","protected":false},"author":1,"featured_media":0,"parent":0,"menu_order":0,"comment_status":"closed","ping_status":"closed","template":"","meta":{"om_disable_all_campaigns":false,"_uag_custom_page_level_css":"","_monsterinsights_skip_tracking":false,"_monsterinsights_sitenote_active":false,"_monsterinsights_sitenote_note":"","_monsterinsights_sitenote_category":0,"site-sidebar-layout":"no-sidebar","site-content-layout":"page-builder","ast-site-content-layout":"default","site-content-style":"default","site-sidebar-style":"default","ast-global-header-display":"","ast-banner-title-visibility":"","ast-main-header-display":"","ast-hfb-above-header-display":"","ast-hfb-below-header-display":"","ast-hfb-mobile-header-display":"","site-post-title":"disabled","ast-breadcrumbs-content":"","ast-featured-img":"","footer-sml-layout":"","ast-disable-related-posts":"","theme-transparent-header-meta":"enabled","adv-header-id-meta":"","stick-header-meta":"","header-above-stick-meta":"","header-main-stick-meta":"","header-below-stick-meta":"","astra-migrate-meta-layouts":"default","ast-page-background-enabled":"default","ast-page-background-meta":{"desktop":{"background-color":"","background-image":"","background-repeat":"repeat","background-position":"center center","background-size":"auto","background-attachment":"scroll","background-type":"","background-media":"","overlay-type":"","overlay-color":"","overlay-opacity":"","overlay-gradient":""},"tablet":{"background-color":"","background-image":"","background-repeat":"repeat","background-position":"center center","background-size":"auto","background-attachment":"scroll","background-type":"","background-media":"","overlay-type":"","overlay-color":"","overlay-opacity":"","overlay-gradient":""},"mobile":{"background-color":"","background-image":"","background-repeat":"repeat","background-position":"center center","background-size":"auto","background-attachment":"scroll","background-type":"","background-media":"","overlay-type":"","overlay-color":"","overlay-opacity":"","overlay-gradient":""}},"ast-content-background-meta":{"desktop":{"background-color":"var(--ast-global-color-5)","background-image":"","background-repeat":"repeat","background-position":"center center","background-size":"auto","background-attachment":"scroll","background-type":"","background-media":"","overlay-type":"","overlay-color":"","overlay-opacity":"","overlay-gradient":""},"tablet":{"background-color":"var(--ast-global-color-5)","background-image":"","background-repeat":"repeat","background-position":"center center","background-size":"auto","background-attachment":"scroll","background-type":"","background-media":"","overlay-type":"","overlay-color":"","overlay-opacity":"","overlay-gradient":""},"mobile":{"background-color":"var(--ast-global-color-5)","background-image":"","background-repeat":"repeat","background-position":"center center","background-size":"auto","background-attachment":"scroll","background-type":"","background-media":"","overlay-type":"","overlay-color":"","overlay-opacity":"","overlay-gradient":""}},"footnotes":""},"class_list":["post-1551","page","type-page","status-publish","hentry"],"aioseo_notices":[],"uagb_featured_image_src":{"full":false,"thumbnail":false,"medium":false,"medium_large":false,"large":false,"1536x1536":false,"2048x2048":false,"trp-custom-language-flag":false},"uagb_author_info":{"display_name":"dein.gitarrenunterricht.wien@gmail.com","author_link":"https:\/\/saschamohnke.com\/en\/author\/dein-gitarrenunterricht-wiengmail-com\/"},"uagb_comment_info":0,"uagb_excerpt":"Sascha Mohnke Guitarist | Artist | Teacher | Composer Impressum Informationen und Offenlegung gem\u00e4\u00df \u00a75 (1) ECG, \u00a7 25 MedienG, \u00a7 63 GewO und \u00a7 14 UGB Webseitenbetreiber:&nbsp;Sascha Mohnke Anschrift: Sinagasse 56\/3\/12, 1220 Wien UID-Nr:&nbsp;k.A.Gewerbeaufsichtbeh\u00f6rde:&nbsp;Bezirkshauptmannschaft OttakringMitgliedschaften:Mitglied in AKM &amp; LSG Kontaktdaten:Email: contact@saschamohnke.com Anwendbare Rechtsvorschrift:&nbsp;www.ris.bka.gv.atBerufsbezeichnung:&nbsp;Diplomierter Berufsmusiker Online Streitbeilegung:&nbsp;Verbraucher, welche in \u00d6sterreich oderin einem sonstigen Vertragsstaat der&hellip;","_links":{"self":[{"href":"https:\/\/saschamohnke.com\/en\/wp-json\/wp\/v2\/pages\/1551","targetHints":{"allow":["GET"]}}],"collection":[{"href":"https:\/\/saschamohnke.com\/en\/wp-json\/wp\/v2\/pages"}],"about":[{"href":"https:\/\/saschamohnke.com\/en\/wp-json\/wp\/v2\/types\/page"}],"author":[{"embeddable":true,"href":"https:\/\/saschamohnke.com\/en\/wp-json\/wp\/v2\/users\/1"}],"replies":[{"embeddable":true,"href":"https:\/\/saschamohnke.com\/en\/wp-json\/wp\/v2\/comments?post=1551"}],"version-history":[{"count":10,"href":"https:\/\/saschamohnke.com\/en\/wp-json\/wp\/v2\/pages\/1551\/revisions"}],"predecessor-version":[{"id":2077,"href":"https:\/\/saschamohnke.com\/en\/wp-json\/wp\/v2\/pages\/1551\/revisions\/2077"}],"wp:attachment":[{"href":"https:\/\/saschamohnke.com\/en\/wp-json\/wp\/v2\/media?parent=1551"}],"curies":[{"name":"wp","href":"https:\/\/api.w.org\/{rel}","templated":true}]}}