{"id":31,"date":"2020-04-13T11:18:52","date_gmt":"2020-04-13T11:18:52","guid":{"rendered":"https:\/\/saschamohnke.com\/about\/"},"modified":"2026-04-16T10:43:17","modified_gmt":"2026-04-16T08:43:17","slug":"bio","status":"publish","type":"page","link":"https:\/\/saschamohnke.com\/en\/bio\/","title":{"rendered":"Bio"},"content":{"rendered":"<div data-elementor-type=\"wp-page\" data-elementor-id=\"31\" class=\"elementor elementor-31\">\n\t\t\t\t\t\t<section class=\"elementor-section elementor-top-section elementor-element elementor-element-5131a13e elementor-section-boxed elementor-section-height-default elementor-section-height-default\" data-id=\"5131a13e\" data-element_type=\"section\" data-e-type=\"section\" data-settings=\"{&quot;background_background&quot;:&quot;classic&quot;}\">\n\t\t\t\t\t\t<div class=\"elementor-container elementor-column-gap-default\">\n\t\t\t\t\t<div class=\"elementor-column elementor-col-100 elementor-top-column elementor-element elementor-element-1053ca7a\" data-id=\"1053ca7a\" data-element_type=\"column\" data-e-type=\"column\">\n\t\t\t<div class=\"elementor-widget-wrap elementor-element-populated\">\n\t\t\t\t\t\t<div class=\"elementor-element elementor-element-3d99e122 elementor-widget elementor-widget-heading\" data-id=\"3d99e122\" data-element_type=\"widget\" data-e-type=\"widget\" id=\"mein-titel-rahmen\" data-widget_type=\"heading.default\">\n\t\t\t\t<div class=\"elementor-widget-container\">\n\t\t\t\t\t<h1 class=\"elementor-heading-title elementor-size-default\">Biography<\/h1>\t\t\t\t<\/div>\n\t\t\t\t<\/div>\n\t\t\t\t\t<\/div>\n\t\t<\/div>\n\t\t\t\t\t<\/div>\n\t\t<\/section>\n\t\t\t\t<section class=\"elementor-section elementor-top-section elementor-element elementor-element-1913bc85 elementor-section-content-middle elementor-section-boxed elementor-section-height-default elementor-section-height-default\" data-id=\"1913bc85\" data-element_type=\"section\" data-e-type=\"section\">\n\t\t\t\t\t\t<div class=\"elementor-container elementor-column-gap-no\">\n\t\t\t\t\t<div class=\"elementor-column elementor-col-33 elementor-top-column elementor-element elementor-element-75a2e934\" data-id=\"75a2e934\" data-element_type=\"column\" data-e-type=\"column\">\n\t\t\t<div class=\"elementor-widget-wrap elementor-element-populated\">\n\t\t\t\t\t\t<div class=\"elementor-element elementor-element-44bece5e elementor-hidden-mobile elementor-widget elementor-widget-image\" data-id=\"44bece5e\" data-element_type=\"widget\" data-e-type=\"widget\" data-widget_type=\"image.default\">\n\t\t\t\t<div class=\"elementor-widget-container\">\n\t\t\t\t\t\t\t\t\t\t\t\t\t\t\t<img fetchpriority=\"high\" decoding=\"async\" width=\"683\" height=\"1024\" src=\"https:\/\/saschamohnke.com\/wp-content\/uploads\/2023\/09\/sascha-mohnke-202-Kopie-683x1024.jpg\" class=\"elementor-animation-grow attachment-large size-large wp-image-1467\" alt=\"\" srcset=\"https:\/\/saschamohnke.com\/wp-content\/uploads\/2023\/09\/sascha-mohnke-202-Kopie-683x1024.jpg 683w, https:\/\/saschamohnke.com\/wp-content\/uploads\/2023\/09\/sascha-mohnke-202-Kopie-200x300.jpg 200w, https:\/\/saschamohnke.com\/wp-content\/uploads\/2023\/09\/sascha-mohnke-202-Kopie-768x1152.jpg 768w, https:\/\/saschamohnke.com\/wp-content\/uploads\/2023\/09\/sascha-mohnke-202-Kopie-1024x1536.jpg 1024w, https:\/\/saschamohnke.com\/wp-content\/uploads\/2023\/09\/sascha-mohnke-202-Kopie-1365x2048.jpg 1365w, https:\/\/saschamohnke.com\/wp-content\/uploads\/2023\/09\/sascha-mohnke-202-Kopie-8x12.jpg 8w, https:\/\/saschamohnke.com\/wp-content\/uploads\/2023\/09\/sascha-mohnke-202-Kopie.jpg 1535w\" sizes=\"(max-width: 683px) 100vw, 683px\" \/>\t\t\t\t\t\t\t\t\t\t\t\t\t\t\t<\/div>\n\t\t\t\t<\/div>\n\t\t\t\t\t<\/div>\n\t\t<\/div>\n\t\t\t\t<div class=\"elementor-column elementor-col-33 elementor-top-column elementor-element elementor-element-730646a8\" data-id=\"730646a8\" data-element_type=\"column\" data-e-type=\"column\">\n\t\t\t<div class=\"elementor-widget-wrap elementor-element-populated\">\n\t\t\t\t\t\t<div class=\"elementor-element elementor-element-52098280 elementor-hidden-mobile elementor-widget elementor-widget-image\" data-id=\"52098280\" data-element_type=\"widget\" data-e-type=\"widget\" data-widget_type=\"image.default\">\n\t\t\t\t<div class=\"elementor-widget-container\">\n\t\t\t\t\t\t\t\t\t\t\t\t\t\t\t<img decoding=\"async\" width=\"683\" height=\"1024\" src=\"https:\/\/saschamohnke.com\/wp-content\/uploads\/2023\/09\/sascha-mohnke-414-Kopie-683x1024.jpg\" class=\"elementor-animation-grow attachment-large size-large wp-image-1462\" alt=\"\" srcset=\"https:\/\/saschamohnke.com\/wp-content\/uploads\/2023\/09\/sascha-mohnke-414-Kopie-683x1024.jpg 683w, https:\/\/saschamohnke.com\/wp-content\/uploads\/2023\/09\/sascha-mohnke-414-Kopie-200x300.jpg 200w, https:\/\/saschamohnke.com\/wp-content\/uploads\/2023\/09\/sascha-mohnke-414-Kopie-768x1152.jpg 768w, https:\/\/saschamohnke.com\/wp-content\/uploads\/2023\/09\/sascha-mohnke-414-Kopie-1024x1536.jpg 1024w, https:\/\/saschamohnke.com\/wp-content\/uploads\/2023\/09\/sascha-mohnke-414-Kopie-1365x2048.jpg 1365w, https:\/\/saschamohnke.com\/wp-content\/uploads\/2023\/09\/sascha-mohnke-414-Kopie-8x12.jpg 8w, https:\/\/saschamohnke.com\/wp-content\/uploads\/2023\/09\/sascha-mohnke-414-Kopie.jpg 1535w\" sizes=\"(max-width: 683px) 100vw, 683px\" \/>\t\t\t\t\t\t\t\t\t\t\t\t\t\t\t<\/div>\n\t\t\t\t<\/div>\n\t\t\t\t<div class=\"elementor-element elementor-element-3c72a1ca elementor-widget elementor-widget-text-editor\" data-id=\"3c72a1ca\" data-element_type=\"widget\" data-e-type=\"widget\" data-widget_type=\"text-editor.default\">\n\t\t\t\t<div class=\"elementor-widget-container\">\n\t\t\t\t\t\t\t\t\t<h5>Sascha was born in Waiblingen, southern Germany. He started early with musical first education and guitar at the age of six.<\/h5>\t\t\t\t\t\t\t\t<\/div>\n\t\t\t\t<\/div>\n\t\t\t\t\t<\/div>\n\t\t<\/div>\n\t\t\t\t<div class=\"elementor-column elementor-col-33 elementor-top-column elementor-element elementor-element-740f1838\" data-id=\"740f1838\" data-element_type=\"column\" data-e-type=\"column\">\n\t\t\t<div class=\"elementor-widget-wrap elementor-element-populated\">\n\t\t\t\t\t\t<div class=\"elementor-element elementor-element-2db193d4 elementor-widget elementor-widget-image\" data-id=\"2db193d4\" data-element_type=\"widget\" data-e-type=\"widget\" data-widget_type=\"image.default\">\n\t\t\t\t<div class=\"elementor-widget-container\">\n\t\t\t\t\t\t\t\t\t\t\t\t\t\t\t<img decoding=\"async\" width=\"1535\" height=\"2303\" src=\"https:\/\/saschamohnke.com\/wp-content\/uploads\/2023\/09\/sascha-mohnke-255-Kopie.jpg\" class=\"elementor-animation-grow attachment-full size-full wp-image-1469\" alt=\"\" srcset=\"https:\/\/saschamohnke.com\/wp-content\/uploads\/2023\/09\/sascha-mohnke-255-Kopie.jpg 1535w, https:\/\/saschamohnke.com\/wp-content\/uploads\/2023\/09\/sascha-mohnke-255-Kopie-200x300.jpg 200w, https:\/\/saschamohnke.com\/wp-content\/uploads\/2023\/09\/sascha-mohnke-255-Kopie-683x1024.jpg 683w, https:\/\/saschamohnke.com\/wp-content\/uploads\/2023\/09\/sascha-mohnke-255-Kopie-768x1152.jpg 768w, https:\/\/saschamohnke.com\/wp-content\/uploads\/2023\/09\/sascha-mohnke-255-Kopie-1024x1536.jpg 1024w, https:\/\/saschamohnke.com\/wp-content\/uploads\/2023\/09\/sascha-mohnke-255-Kopie-1365x2048.jpg 1365w, https:\/\/saschamohnke.com\/wp-content\/uploads\/2023\/09\/sascha-mohnke-255-Kopie-8x12.jpg 8w\" sizes=\"(max-width: 1535px) 100vw, 1535px\" \/>\t\t\t\t\t\t\t\t\t\t\t\t\t\t\t<\/div>\n\t\t\t\t<\/div>\n\t\t\t\t\t<\/div>\n\t\t<\/div>\n\t\t\t\t\t<\/div>\n\t\t<\/section>\n\t\t\t\t<section class=\"elementor-section elementor-top-section elementor-element elementor-element-1f6d7e3 elementor-section-content-middle elementor-section-boxed elementor-section-height-default elementor-section-height-default\" data-id=\"1f6d7e3\" data-element_type=\"section\" data-e-type=\"section\" data-settings=\"{&quot;background_background&quot;:&quot;classic&quot;}\">\n\t\t\t\t\t\t<div class=\"elementor-container elementor-column-gap-no\">\n\t\t\t\t\t<div class=\"elementor-column elementor-col-33 elementor-top-column elementor-element elementor-element-797df77e\" data-id=\"797df77e\" data-element_type=\"column\" data-e-type=\"column\">\n\t\t\t<div class=\"elementor-widget-wrap elementor-element-populated\">\n\t\t\t\t\t\t<div class=\"elementor-element elementor-element-79266c2 elementor-widget elementor-widget-spacer\" data-id=\"79266c2\" data-element_type=\"widget\" data-e-type=\"widget\" data-widget_type=\"spacer.default\">\n\t\t\t\t<div class=\"elementor-widget-container\">\n\t\t\t\t\t\t\t<div class=\"elementor-spacer\">\n\t\t\t<div class=\"elementor-spacer-inner\"><\/div>\n\t\t<\/div>\n\t\t\t\t\t\t<\/div>\n\t\t\t\t<\/div>\n\t\t\t\t<div class=\"elementor-element elementor-element-2f18cb7 elementor-drop-cap-yes elementor-drop-cap-view-default elementor-widget elementor-widget-text-editor\" data-id=\"2f18cb7\" data-element_type=\"widget\" data-e-type=\"widget\" data-settings=\"{&quot;drop_cap&quot;:&quot;yes&quot;}\" data-widget_type=\"text-editor.default\">\n\t\t\t\t<div class=\"elementor-widget-container\">\n\t\t\t\t\t\t\t\t\t<p>He took lessons in classical guitar into his teens and then switched to electric guitar and made forays into flamenco. He spent his youth in various rock formations and cover bands until he found jazz at the age of 17.<\/p>\n<p>At the Vienna Music Institute Sascha studied diploma subject jazz guitar and since then he is a guitar teacher with several years of experience and a freelance musician based in Vienna and the surrounding area.<\/p>\n<p>His stylistic spectrum ranges from rock, pop and classical to jazz and fusion. His guitar students have a wide variety of previous experience (from beginner to highly advanced) and range in age from five to over 60 years<strong>.<\/strong><\/p>\t\t\t\t\t\t\t\t<\/div>\n\t\t\t\t<\/div>\n\t\t\t\t\t<\/div>\n\t\t<\/div>\n\t\t\t\t<div class=\"elementor-column elementor-col-33 elementor-top-column elementor-element elementor-element-6d6de2a7\" data-id=\"6d6de2a7\" data-element_type=\"column\" data-e-type=\"column\">\n\t\t\t<div class=\"elementor-widget-wrap elementor-element-populated\">\n\t\t\t\t\t\t<div class=\"elementor-element elementor-element-615a0dfe elementor-hidden-mobile elementor-widget elementor-widget-image\" data-id=\"615a0dfe\" data-element_type=\"widget\" data-e-type=\"widget\" data-widget_type=\"image.default\">\n\t\t\t\t<div class=\"elementor-widget-container\">\n\t\t\t\t\t\t\t\t\t\t\t\t\t\t\t<img loading=\"lazy\" decoding=\"async\" width=\"2303\" height=\"1535\" src=\"https:\/\/saschamohnke.com\/wp-content\/uploads\/2023\/09\/sascha-mohnke-057-Kopie.jpg\" class=\"elementor-animation-grow attachment-full size-full wp-image-1463\" alt=\"\" srcset=\"https:\/\/saschamohnke.com\/wp-content\/uploads\/2023\/09\/sascha-mohnke-057-Kopie.jpg 2303w, https:\/\/saschamohnke.com\/wp-content\/uploads\/2023\/09\/sascha-mohnke-057-Kopie-300x200.jpg 300w, https:\/\/saschamohnke.com\/wp-content\/uploads\/2023\/09\/sascha-mohnke-057-Kopie-1024x683.jpg 1024w, https:\/\/saschamohnke.com\/wp-content\/uploads\/2023\/09\/sascha-mohnke-057-Kopie-768x512.jpg 768w, https:\/\/saschamohnke.com\/wp-content\/uploads\/2023\/09\/sascha-mohnke-057-Kopie-1536x1024.jpg 1536w, https:\/\/saschamohnke.com\/wp-content\/uploads\/2023\/09\/sascha-mohnke-057-Kopie-2048x1365.jpg 2048w, https:\/\/saschamohnke.com\/wp-content\/uploads\/2023\/09\/sascha-mohnke-057-Kopie-18x12.jpg 18w\" sizes=\"(max-width: 2303px) 100vw, 2303px\" \/>\t\t\t\t\t\t\t\t\t\t\t\t\t\t\t<\/div>\n\t\t\t\t<\/div>\n\t\t\t\t<div class=\"elementor-element elementor-element-41c42a6c elementor-drop-cap-yes elementor-drop-cap-view-default elementor-widget elementor-widget-text-editor\" data-id=\"41c42a6c\" data-element_type=\"widget\" data-e-type=\"widget\" data-settings=\"{&quot;drop_cap&quot;:&quot;yes&quot;}\" data-widget_type=\"text-editor.default\">\n\t\t\t\t<div class=\"elementor-widget-container\">\n\t\t\t\t\t\t\t\t\t<p>Sascha completed masterclasses and workshops (among others) with Jennifer Batton, Christophe Godin, Jan Zehrfeld, Steve Walsh, G\u00f6ran Klinghagen and Gerald Gradwohl.<\/p>\t\t\t\t\t\t\t\t<\/div>\n\t\t\t\t<\/div>\n\t\t\t\t\t<\/div>\n\t\t<\/div>\n\t\t\t\t<div class=\"elementor-column elementor-col-33 elementor-top-column elementor-element elementor-element-4c555703\" data-id=\"4c555703\" data-element_type=\"column\" data-e-type=\"column\">\n\t\t\t<div class=\"elementor-widget-wrap elementor-element-populated\">\n\t\t\t\t\t\t<div class=\"elementor-element elementor-element-144f10f elementor-widget elementor-widget-spacer\" data-id=\"144f10f\" data-element_type=\"widget\" data-e-type=\"widget\" data-widget_type=\"spacer.default\">\n\t\t\t\t<div class=\"elementor-widget-container\">\n\t\t\t\t\t\t\t<div class=\"elementor-spacer\">\n\t\t\t<div class=\"elementor-spacer-inner\"><\/div>\n\t\t<\/div>\n\t\t\t\t\t\t<\/div>\n\t\t\t\t<\/div>\n\t\t\t\t<div class=\"elementor-element elementor-element-25c18912 elementor-drop-cap-yes elementor-drop-cap-view-default elementor-widget elementor-widget-text-editor\" data-id=\"25c18912\" data-element_type=\"widget\" data-e-type=\"widget\" data-settings=\"{&quot;drop_cap&quot;:&quot;yes&quot;}\" data-widget_type=\"text-editor.default\">\n\t\t\t\t<div class=\"elementor-widget-container\">\n\t\t\t\t\t\t\t\t\t<p>Currently he is active in various bands and projects (such as jazz formations, duo formations). Among others he plays in the bands <a href=\"https:\/\/www.zwidermu-musik.at\" target=\"_blank\" rel=\"noopener\">Zwidermu<\/a> (rock and pop quartett) <a href=\"https:\/\/lunarsessionsproject.at\/\" target=\"_blank\" rel=\"noopener\">Lunar Sessions Project<\/a> (jazz and odd meter crossover) as well as the soul cover and event band <a href=\"http:\/\/soulembassy.at\">Soul Embassy<\/a>. <\/p>\t\t\t\t\t\t\t\t<\/div>\n\t\t\t\t<\/div>\n\t\t\t\t<div class=\"elementor-element elementor-element-cbbacb6 elementor-widget elementor-widget-image\" data-id=\"cbbacb6\" data-element_type=\"widget\" data-e-type=\"widget\" data-widget_type=\"image.default\">\n\t\t\t\t<div class=\"elementor-widget-container\">\n\t\t\t\t\t\t\t\t\t\t\t\t\t\t\t<img loading=\"lazy\" decoding=\"async\" width=\"2303\" height=\"1535\" src=\"https:\/\/saschamohnke.com\/wp-content\/uploads\/2023\/09\/sascha-mohnke-321-Kopie.jpg\" class=\"elementor-animation-grow attachment-full size-full wp-image-1471\" alt=\"\" srcset=\"https:\/\/saschamohnke.com\/wp-content\/uploads\/2023\/09\/sascha-mohnke-321-Kopie.jpg 2303w, https:\/\/saschamohnke.com\/wp-content\/uploads\/2023\/09\/sascha-mohnke-321-Kopie-300x200.jpg 300w, https:\/\/saschamohnke.com\/wp-content\/uploads\/2023\/09\/sascha-mohnke-321-Kopie-1024x683.jpg 1024w, https:\/\/saschamohnke.com\/wp-content\/uploads\/2023\/09\/sascha-mohnke-321-Kopie-768x512.jpg 768w, https:\/\/saschamohnke.com\/wp-content\/uploads\/2023\/09\/sascha-mohnke-321-Kopie-1536x1024.jpg 1536w, https:\/\/saschamohnke.com\/wp-content\/uploads\/2023\/09\/sascha-mohnke-321-Kopie-2048x1365.jpg 2048w, https:\/\/saschamohnke.com\/wp-content\/uploads\/2023\/09\/sascha-mohnke-321-Kopie-18x12.jpg 18w\" sizes=\"(max-width: 2303px) 100vw, 2303px\" \/>\t\t\t\t\t\t\t\t\t\t\t\t\t\t\t<\/div>\n\t\t\t\t<\/div>\n\t\t\t\t\t<\/div>\n\t\t<\/div>\n\t\t\t\t\t<\/div>\n\t\t<\/section>\n\t\t\t\t<\/div>","protected":false},"excerpt":{"rendered":"<p>Biographie Sascha wurde 1986 in Waiblingen in S\u00fcddeutschland geboren. Er begann bereits im fr\u00fchen Alter von sechs Jahren mit musikalischer Fr\u00fcherziehung und Gitarre. Bis ins Jugendalter nahm er Unterricht in klassischer Gitarre und wechselte anschlie\u00dfend zur E-Gitarre und unternahm Ausfl\u00fcge in den Flamenco. Seine Jugendzeit verbrachte er in verschiedenen Rockformationen und Coverbands, bis er im [&hellip;]<\/p>\n","protected":false},"author":1,"featured_media":0,"parent":0,"menu_order":0,"comment_status":"closed","ping_status":"closed","template":"","meta":{"om_disable_all_campaigns":false,"_uag_custom_page_level_css":"","_monsterinsights_skip_tracking":false,"_monsterinsights_sitenote_active":false,"_monsterinsights_sitenote_note":"","_monsterinsights_sitenote_category":0,"site-sidebar-layout":"no-sidebar","site-content-layout":"page-builder","ast-site-content-layout":"full-width-container","site-content-style":"unboxed","site-sidebar-style":"unboxed","ast-global-header-display":"","ast-banner-title-visibility":"","ast-main-header-display":"","ast-hfb-above-header-display":"","ast-hfb-below-header-display":"","ast-hfb-mobile-header-display":"","site-post-title":"disabled","ast-breadcrumbs-content":"","ast-featured-img":"","footer-sml-layout":"","ast-disable-related-posts":"","theme-transparent-header-meta":"enabled","adv-header-id-meta":"","stick-header-meta":"","header-above-stick-meta":"","header-main-stick-meta":"","header-below-stick-meta":"","astra-migrate-meta-layouts":"set","ast-page-background-enabled":"default","ast-page-background-meta":{"desktop":{"background-color":"","background-image":"","background-repeat":"repeat","background-position":"center center","background-size":"auto","background-attachment":"scroll","background-type":"","background-media":"","overlay-type":"","overlay-color":"","overlay-opacity":"","overlay-gradient":""},"tablet":{"background-color":"","background-image":"","background-repeat":"repeat","background-position":"center center","background-size":"auto","background-attachment":"scroll","background-type":"","background-media":"","overlay-type":"","overlay-color":"","overlay-opacity":"","overlay-gradient":""},"mobile":{"background-color":"","background-image":"","background-repeat":"repeat","background-position":"center center","background-size":"auto","background-attachment":"scroll","background-type":"","background-media":"","overlay-type":"","overlay-color":"","overlay-opacity":"","overlay-gradient":""}},"ast-content-background-meta":{"desktop":{"background-color":"var(--ast-global-color-5)","background-image":"","background-repeat":"repeat","background-position":"center center","background-size":"auto","background-attachment":"scroll","background-type":"","background-media":"","overlay-type":"","overlay-color":"","overlay-opacity":"","overlay-gradient":""},"tablet":{"background-color":"var(--ast-global-color-5)","background-image":"","background-repeat":"repeat","background-position":"center center","background-size":"auto","background-attachment":"scroll","background-type":"","background-media":"","overlay-type":"","overlay-color":"","overlay-opacity":"","overlay-gradient":""},"mobile":{"background-color":"var(--ast-global-color-5)","background-image":"","background-repeat":"repeat","background-position":"center center","background-size":"auto","background-attachment":"scroll","background-type":"","background-media":"","overlay-type":"","overlay-color":"","overlay-opacity":"","overlay-gradient":""}},"footnotes":""},"class_list":["post-31","page","type-page","status-publish","hentry"],"aioseo_notices":[],"uagb_featured_image_src":{"full":false,"thumbnail":false,"medium":false,"medium_large":false,"large":false,"1536x1536":false,"2048x2048":false,"trp-custom-language-flag":false},"uagb_author_info":{"display_name":"dein.gitarrenunterricht.wien@gmail.com","author_link":"https:\/\/saschamohnke.com\/en\/author\/dein-gitarrenunterricht-wiengmail-com\/"},"uagb_comment_info":0,"uagb_excerpt":"Biographie Sascha wurde 1986 in Waiblingen in S\u00fcddeutschland geboren. Er begann bereits im fr\u00fchen Alter von sechs Jahren mit musikalischer Fr\u00fcherziehung und Gitarre. Bis ins Jugendalter nahm er Unterricht in klassischer Gitarre und wechselte anschlie\u00dfend zur E-Gitarre und unternahm Ausfl\u00fcge in den Flamenco. Seine Jugendzeit verbrachte er in verschiedenen Rockformationen und Coverbands, bis er im&hellip;","_links":{"self":[{"href":"https:\/\/saschamohnke.com\/en\/wp-json\/wp\/v2\/pages\/31","targetHints":{"allow":["GET"]}}],"collection":[{"href":"https:\/\/saschamohnke.com\/en\/wp-json\/wp\/v2\/pages"}],"about":[{"href":"https:\/\/saschamohnke.com\/en\/wp-json\/wp\/v2\/types\/page"}],"author":[{"embeddable":true,"href":"https:\/\/saschamohnke.com\/en\/wp-json\/wp\/v2\/users\/1"}],"replies":[{"embeddable":true,"href":"https:\/\/saschamohnke.com\/en\/wp-json\/wp\/v2\/comments?post=31"}],"version-history":[{"count":124,"href":"https:\/\/saschamohnke.com\/en\/wp-json\/wp\/v2\/pages\/31\/revisions"}],"predecessor-version":[{"id":2365,"href":"https:\/\/saschamohnke.com\/en\/wp-json\/wp\/v2\/pages\/31\/revisions\/2365"}],"wp:attachment":[{"href":"https:\/\/saschamohnke.com\/en\/wp-json\/wp\/v2\/media?parent=31"}],"curies":[{"name":"wp","href":"https:\/\/api.w.org\/{rel}","templated":true}]}}